{"id":152,"date":"2015-05-04T19:28:23","date_gmt":"2015-05-04T17:28:23","guid":{"rendered":"http:\/\/otm.bplaced.net\/?page_id=152"},"modified":"2019-01-09T18:01:45","modified_gmt":"2019-01-09T17:01:45","slug":"vereine","status":"publish","type":"page","link":"https:\/\/ostdeutsche-trialmeisterschaft.de\/index.php\/vereine\/","title":{"rendered":"Vereine"},"content":{"rendered":"<p><a title=\"MC Altenau\" href=\"https:\/\/ostdeutsche-trialmeisterschaft.de\/index.php\/vereine\/mc-altenau\/\">MC Altenau<\/a><\/p>\n<p><a title=\"MC Fl\u00f6ha\" href=\"https:\/\/ostdeutsche-trialmeisterschaft.de\/index.php\/vereine\/mc-floeha\/\">MC Fl\u00f6ha<\/a><\/p>\n<p><a title=\"MC Scheibenberg\" href=\"https:\/\/ostdeutsche-trialmeisterschaft.de\/index.php\/vereine\/mc-scheibenberg\/\">MC Scheibenberg<\/a><\/p>\n<p><a title=\"MSC Oberlausitzer Dreil\u00e4ndereck e.V.\" href=\"https:\/\/ostdeutsche-trialmeisterschaft.de\/index.php\/vereine\/msc-oberlausitzer-dreilaendereck-e-v\/\">MSC Oberlausitzer Dreil\u00e4ndereck<\/a><\/p>\n<p><a title=\"MSC Thalheim\" href=\"https:\/\/ostdeutsche-trialmeisterschaft.de\/index.php\/vereine\/msc-thalheim\/\">MSC Thalheim<\/a><\/p>\n<p><a title=\"Trial Sportclub Sch\u00f6nborn\" href=\"https:\/\/ostdeutsche-trialmeisterschaft.de\/index.php\/vereine\/trial-sportclub-schoenborn\/\">Trial Sportclub Sch\u00f6nborn<\/a><\/p>\n<p><a title=\"MC Post Leipzig\" href=\"https:\/\/ostdeutsche-trialmeisterschaft.de\/index.php\/vereine\/mc-post-leipzig-2\/\">MC Post Leipzig<\/a><\/p>\n<p><a href=\"https:\/\/ostdeutsche-trialmeisterschaft.de\/index.php\/vereine\/msc-potsdam\/\">MSC Potsdam e.V.<\/a><\/p>\n<p><a href=\"https:\/\/ostdeutsche-trialmeisterschaft.de\/index.php\/vereine\/vogtland-msc-oelsnitz\/\">MSC Oelsnitz e.V.<\/a><\/p>\n\n\n<p><\/p>\n","protected":false},"excerpt":{"rendered":"<p>MC Altenau MC Fl\u00f6ha MC Scheibenberg MSC Oberlausitzer Dreil\u00e4ndereck MSC Thalheim Trial Sportclub Sch\u00f6nborn MC Post Leipzig MSC Potsdam e.V. MSC Oelsnitz e.V.<\/p>\n","protected":false},"author":3,"featured_media":0,"parent":0,"menu_order":7,"comment_status":"closed","ping_status":"open","template":"","meta":{"_bbp_topic_count":0,"_bbp_reply_count":0,"_bbp_total_topic_count":0,"_bbp_total_reply_count":0,"_bbp_voice_count":0,"_bbp_anonymous_reply_count":0,"_bbp_topic_count_hidden":0,"_bbp_reply_count_hidden":0,"_bbp_forum_subforum_count":0,"ngg_post_thumbnail":0,"footnotes":""},"class_list":["post-152","page","type-page","status-publish","hentry"],"_links":{"self":[{"href":"https:\/\/ostdeutsche-trialmeisterschaft.de\/index.php\/wp-json\/wp\/v2\/pages\/152","targetHints":{"allow":["GET"]}}],"collection":[{"href":"https:\/\/ostdeutsche-trialmeisterschaft.de\/index.php\/wp-json\/wp\/v2\/pages"}],"about":[{"href":"https:\/\/ostdeutsche-trialmeisterschaft.de\/index.php\/wp-json\/wp\/v2\/types\/page"}],"author":[{"embeddable":true,"href":"https:\/\/ostdeutsche-trialmeisterschaft.de\/index.php\/wp-json\/wp\/v2\/users\/3"}],"replies":[{"embeddable":true,"href":"https:\/\/ostdeutsche-trialmeisterschaft.de\/index.php\/wp-json\/wp\/v2\/comments?post=152"}],"version-history":[{"count":5,"href":"https:\/\/ostdeutsche-trialmeisterschaft.de\/index.php\/wp-json\/wp\/v2\/pages\/152\/revisions"}],"predecessor-version":[{"id":1405,"href":"https:\/\/ostdeutsche-trialmeisterschaft.de\/index.php\/wp-json\/wp\/v2\/pages\/152\/revisions\/1405"}],"wp:attachment":[{"href":"https:\/\/ostdeutsche-trialmeisterschaft.de\/index.php\/wp-json\/wp\/v2\/media?parent=152"}],"curies":[{"name":"wp","href":"https:\/\/api.w.org\/{rel}","templated":true}]}}