{"id":158,"date":"2015-05-04T19:33:29","date_gmt":"2015-05-04T17:33:29","guid":{"rendered":"http:\/\/otm.bplaced.net\/?page_id=158"},"modified":"2019-01-07T15:53:59","modified_gmt":"2019-01-07T14:53:59","slug":"mc-floeha","status":"publish","type":"page","link":"https:\/\/ostdeutsche-trialmeisterschaft.de\/index.php\/vereine\/mc-floeha\/","title":{"rendered":"MC Fl\u00f6ha"},"content":{"rendered":"<p>Motorsportclub Fl\u00f6ha e.V.<br \/>\nClau\u00dfstr. 3<br \/>\n09557 Fl\u00f6ha<\/p>\n<p><a title=\"MC Fl\u00f6ha\" href=\"http:\/\/mc-floeha.de\" target=\"_blank\" rel=\"noopener\">website: www.mc-floeha.de<\/a><br \/>\nemail: kontakt@mc-floeha.de<br \/>\nTel.: 03726 \/ 768485<br \/>\nFax: 03726 \/ 7167124<\/p>\n<p>Trialgel\u00e4nde<iframe loading=\"lazy\" style=\"border: 0;\" src=\"https:\/\/www.google.com\/maps\/embed?pb=!1m14!1m8!1m3!1d20144.05281308975!2d13.068280694212493!3d50.8680775294536!3m2!1i1024!2i768!4f13.1!3m3!1m2!1s0x0%3A0x0!2zNTDCsDUyJzI2LjkiTiAxM8KwMDMnMzcuNCJF!5e0!3m2!1sen!2s!4v1430760871354\" width=\"600\" height=\"450\" frameborder=\"0\"><\/iframe><\/p>\n","protected":false},"excerpt":{"rendered":"<p>Motorsportclub Fl\u00f6ha e.V. Clau\u00dfstr. 3 09557 Fl\u00f6ha website: www.mc-floeha.de email: kontakt@mc-floeha.de Tel.: 03726 \/ 768485 Fax: 03726 \/ 7167124 Trialgel\u00e4nde<\/p>\n","protected":false},"author":3,"featured_media":0,"parent":152,"menu_order":0,"comment_status":"closed","ping_status":"open","template":"","meta":{"_bbp_topic_count":0,"_bbp_reply_count":0,"_bbp_total_topic_count":0,"_bbp_total_reply_count":0,"_bbp_voice_count":0,"_bbp_anonymous_reply_count":0,"_bbp_topic_count_hidden":0,"_bbp_reply_count_hidden":0,"_bbp_forum_subforum_count":0,"ngg_post_thumbnail":0,"footnotes":""},"class_list":["post-158","page","type-page","status-publish","hentry"],"_links":{"self":[{"href":"https:\/\/ostdeutsche-trialmeisterschaft.de\/index.php\/wp-json\/wp\/v2\/pages\/158","targetHints":{"allow":["GET"]}}],"collection":[{"href":"https:\/\/ostdeutsche-trialmeisterschaft.de\/index.php\/wp-json\/wp\/v2\/pages"}],"about":[{"href":"https:\/\/ostdeutsche-trialmeisterschaft.de\/index.php\/wp-json\/wp\/v2\/types\/page"}],"author":[{"embeddable":true,"href":"https:\/\/ostdeutsche-trialmeisterschaft.de\/index.php\/wp-json\/wp\/v2\/users\/3"}],"replies":[{"embeddable":true,"href":"https:\/\/ostdeutsche-trialmeisterschaft.de\/index.php\/wp-json\/wp\/v2\/comments?post=158"}],"version-history":[{"count":1,"href":"https:\/\/ostdeutsche-trialmeisterschaft.de\/index.php\/wp-json\/wp\/v2\/pages\/158\/revisions"}],"predecessor-version":[{"id":1352,"href":"https:\/\/ostdeutsche-trialmeisterschaft.de\/index.php\/wp-json\/wp\/v2\/pages\/158\/revisions\/1352"}],"up":[{"embeddable":true,"href":"https:\/\/ostdeutsche-trialmeisterschaft.de\/index.php\/wp-json\/wp\/v2\/pages\/152"}],"wp:attachment":[{"href":"https:\/\/ostdeutsche-trialmeisterschaft.de\/index.php\/wp-json\/wp\/v2\/media?parent=158"}],"curies":[{"name":"wp","href":"https:\/\/api.w.org\/{rel}","templated":true}]}}