{"id":177,"date":"2015-05-04T20:50:59","date_gmt":"2015-05-04T18:50:59","guid":{"rendered":"http:\/\/otm.bplaced.net\/?page_id=177"},"modified":"2024-12-02T20:08:29","modified_gmt":"2024-12-02T19:08:29","slug":"mc-altenau","status":"publish","type":"page","link":"https:\/\/ostdeutsche-trialmeisterschaft.de\/index.php\/vereine\/mc-altenau\/","title":{"rendered":"MC M\u00fchlberg"},"content":{"rendered":"<p>Motorsportclub M\u00fchlberg e.V.<\/p>\n<p>J\u00fcrgen Bodack<br \/>\nBoragkerstr.5a<br \/>\n04931 M\u00fchlberg<br \/>\nTel.\/Fax 035342\/72125<\/p>\n<p>Trialsport : Rainer Selig<br \/>\nTel. 01621311599<br \/>\nEmail: <a href=\"mailto:rainer531@gmx.de\">rainer531@gmx.de<\/a><\/p>\n<p>Trialgel\u00e4nde<iframe loading=\"lazy\" style=\"border: 0;\" src=\"https:\/\/www.google.com\/maps\/embed?pb=!1m18!1m12!1m3!1d1243.9865809403882!2d13.304741791342812!3d51.421919640211804!2m3!1f0!2f0!3f0!3m2!1i1024!2i768!4f13.1!3m3!1m2!1s0x0%3A0x0!2zNTHCsDI1JzE3LjYiTiAxM8KwMTgnMTguOSJF!5e0!3m2!1sde!2sde!4v1436649101566\" width=\"600\" height=\"450\" frameborder=\"0\" allowfullscreen=\"allowfullscreen\"><\/iframe><\/p>\n","protected":false},"excerpt":{"rendered":"<p>Motorsportclub M\u00fchlberg e.V. J\u00fcrgen Bodack Boragkerstr.5a 04931 M\u00fchlberg Tel.\/Fax 035342\/72125 Trialsport : Rainer Selig Tel. 01621311599 Email: rainer531@gmx.de Trialgel\u00e4nde<\/p>\n","protected":false},"author":3,"featured_media":0,"parent":152,"menu_order":0,"comment_status":"closed","ping_status":"open","template":"","meta":{"_bbp_topic_count":0,"_bbp_reply_count":0,"_bbp_total_topic_count":0,"_bbp_total_reply_count":0,"_bbp_voice_count":0,"_bbp_anonymous_reply_count":0,"_bbp_topic_count_hidden":0,"_bbp_reply_count_hidden":0,"_bbp_forum_subforum_count":0,"ngg_post_thumbnail":0,"footnotes":""},"class_list":["post-177","page","type-page","status-publish","hentry"],"_links":{"self":[{"href":"https:\/\/ostdeutsche-trialmeisterschaft.de\/index.php\/wp-json\/wp\/v2\/pages\/177","targetHints":{"allow":["GET"]}}],"collection":[{"href":"https:\/\/ostdeutsche-trialmeisterschaft.de\/index.php\/wp-json\/wp\/v2\/pages"}],"about":[{"href":"https:\/\/ostdeutsche-trialmeisterschaft.de\/index.php\/wp-json\/wp\/v2\/types\/page"}],"author":[{"embeddable":true,"href":"https:\/\/ostdeutsche-trialmeisterschaft.de\/index.php\/wp-json\/wp\/v2\/users\/3"}],"replies":[{"embeddable":true,"href":"https:\/\/ostdeutsche-trialmeisterschaft.de\/index.php\/wp-json\/wp\/v2\/comments?post=177"}],"version-history":[{"count":1,"href":"https:\/\/ostdeutsche-trialmeisterschaft.de\/index.php\/wp-json\/wp\/v2\/pages\/177\/revisions"}],"predecessor-version":[{"id":3221,"href":"https:\/\/ostdeutsche-trialmeisterschaft.de\/index.php\/wp-json\/wp\/v2\/pages\/177\/revisions\/3221"}],"up":[{"embeddable":true,"href":"https:\/\/ostdeutsche-trialmeisterschaft.de\/index.php\/wp-json\/wp\/v2\/pages\/152"}],"wp:attachment":[{"href":"https:\/\/ostdeutsche-trialmeisterschaft.de\/index.php\/wp-json\/wp\/v2\/media?parent=177"}],"curies":[{"name":"wp","href":"https:\/\/api.w.org\/{rel}","templated":true}]}}