{"id":661,"date":"2015-02-10T21:01:47","date_gmt":"2015-02-10T20:01:47","guid":{"rendered":"http:\/\/otm.bplaced.net\/?page_id=2"},"modified":"2016-05-02T17:36:07","modified_gmt":"2016-05-02T15:36:07","slug":"beispiel-seite","status":"publish","type":"page","link":"https:\/\/ostdeutsche-trialmeisterschaft.de\/index.php\/beispiel-seite\/","title":{"rendered":"Was ist Trial ?"},"content":{"rendered":"<p class=\"paragraph_style_4\">Artistik mit dem Motorrad!<\/p>\n<p class=\"paragraph_style_5\">Trial-Fahrer sind Meister der Balance und der Konzentration. Die Trialer m\u00fcssen mit ihren Motorr\u00e4dern einen Hindernisparcours durchfahren, ohne den Fu\u00df auf den Boden zu setzen. Der\u00a0 Parcours, auch Sektion genannt, f\u00fchrt durch unwegsames Gel\u00e4nde mit Steinen, Schlamm, Gr\u00e4ben oder k\u00fcnstlichen Hindernissen.<br \/>\nHohe Geschwindigkeiten darf man hier nicht erwarten. Daf\u00fcr bewegen die Fahrer ihr Motorrad hoch konzentriert und man\u00f6vrieren ihre Maschinen zentimetergenau.<\/p>\n<p class=\"paragraph_style_5\">Eine gute Vorbereitung ist im Trial die halbe Miete. Die Fahrer d\u00fcrfen vor dem Start des Wettkampfes die Strecke zu Fu\u00df ablaufen und suchen sich dabei die beste Fahrspur. Zudem beobachten viele Fahrer ihre Konkurrenten, um besonders t\u00fcckische Stellen zu identifizieren und um damit sp\u00e4ter eigene Fehler zu vermeiden. Jeder Fahrer hat die M\u00f6glichkeit einen Minder an der Sektion zur Unterst\u00fctzung dabei zu haben. Sollte doch ein Fu\u00df den Boden ber\u00fchren, werden bis zu drei Strafpunkte verteilt. Bei Sturz, R\u00fcckw\u00e4rtsrollen und Abw\u00fcrgen des Motors erh\u00e4lt der Fahrer f\u00fcnf Strafpunkte und muss die Sektion verlassen.<\/p>\n<p class=\"paragraph_style_5\">Der Einstieg in diese sehr spezielle und sch\u00f6ne\u00a0 Motorsportart ist recht einfach. Die <a title=\"Trialmotorrad-Hersteller\" href=\"https:\/\/ostdeutsche-trialmeisterschaft.de\/index.php\/beispiel-seite\/trialmotorrad-hersteller\/\">Spezialmotorr\u00e4der<\/a> k\u00f6nnen Interessierte kosteng\u00fcnstig erwerben, und verschiedene Orts-Clubs stehen mit Rat und Tat zur Seite.<br \/>\n<a href=\"https:\/\/ostdeutsche-trialmeisterschaft.de\/wp-content\/uploads\/2015\/02\/trial2.png\"><img loading=\"lazy\" decoding=\"async\" class=\"alignnone size-full wp-image-73\" src=\"https:\/\/ostdeutsche-trialmeisterschaft.de\/wp-content\/uploads\/2015\/02\/trial2.png\" alt=\"trial2\" width=\"620\" height=\"210\" srcset=\"https:\/\/ostdeutsche-trialmeisterschaft.de\/wp-content\/uploads\/2015\/02\/trial2.png 620w, https:\/\/ostdeutsche-trialmeisterschaft.de\/wp-content\/uploads\/2015\/02\/trial2-300x102.png 300w\" sizes=\"auto, (max-width: 620px) 100vw, 620px\" \/><\/a><\/p>\n","protected":false},"excerpt":{"rendered":"<p>Artistik mit dem Motorrad! Trial-Fahrer sind Meister der Balance und der Konzentration. Die Trialer m\u00fcssen mit ihren Motorr\u00e4dern einen Hindernisparcours durchfahren, ohne den Fu\u00df auf den Boden zu setzen. Der\u00a0 Parcours, auch Sektion genannt, f\u00fchrt durch unwegsames Gel\u00e4nde mit Steinen, &hellip; <a href=\"https:\/\/ostdeutsche-trialmeisterschaft.de\/index.php\/beispiel-seite\/\">Weiterlesen <span class=\"meta-nav\">&rarr;<\/span><\/a><\/p>\n","protected":false},"author":3,"featured_media":0,"parent":0,"menu_order":6,"comment_status":"closed","ping_status":"closed","template":"","meta":{"_bbp_topic_count":0,"_bbp_reply_count":0,"_bbp_total_topic_count":0,"_bbp_total_reply_count":0,"_bbp_voice_count":0,"_bbp_anonymous_reply_count":0,"_bbp_topic_count_hidden":0,"_bbp_reply_count_hidden":0,"_bbp_forum_subforum_count":0,"ngg_post_thumbnail":0,"footnotes":""},"class_list":["post-661","page","type-page","status-publish","hentry"],"_links":{"self":[{"href":"https:\/\/ostdeutsche-trialmeisterschaft.de\/index.php\/wp-json\/wp\/v2\/pages\/661","targetHints":{"allow":["GET"]}}],"collection":[{"href":"https:\/\/ostdeutsche-trialmeisterschaft.de\/index.php\/wp-json\/wp\/v2\/pages"}],"about":[{"href":"https:\/\/ostdeutsche-trialmeisterschaft.de\/index.php\/wp-json\/wp\/v2\/types\/page"}],"author":[{"embeddable":true,"href":"https:\/\/ostdeutsche-trialmeisterschaft.de\/index.php\/wp-json\/wp\/v2\/users\/3"}],"replies":[{"embeddable":true,"href":"https:\/\/ostdeutsche-trialmeisterschaft.de\/index.php\/wp-json\/wp\/v2\/comments?post=661"}],"version-history":[{"count":1,"href":"https:\/\/ostdeutsche-trialmeisterschaft.de\/index.php\/wp-json\/wp\/v2\/pages\/661\/revisions"}],"predecessor-version":[{"id":721,"href":"https:\/\/ostdeutsche-trialmeisterschaft.de\/index.php\/wp-json\/wp\/v2\/pages\/661\/revisions\/721"}],"wp:attachment":[{"href":"https:\/\/ostdeutsche-trialmeisterschaft.de\/index.php\/wp-json\/wp\/v2\/media?parent=661"}],"curies":[{"name":"wp","href":"https:\/\/api.w.org\/{rel}","templated":true}]}}